{"id":702,"date":"2016-12-18T20:47:40","date_gmt":"2016-12-18T19:47:40","guid":{"rendered":"http:\/\/gites-jardins-ilona.com\/?page_id=702"},"modified":"2026-02-24T17:40:53","modified_gmt":"2026-02-24T16:40:53","slug":"visites-culturelles","status":"publish","type":"page","link":"https:\/\/gites-jardins-ilona.com\/index.php\/visites-culturelles\/","title":{"rendered":"Visites culturelles"},"content":{"rendered":"<div id=\"pl-702\"  class=\"panel-layout\" ><div id=\"pg-702-0\"  class=\"panel-grid panel-no-style\" ><div id=\"pgc-702-0-0\"  class=\"panel-grid-cell\" ><div id=\"panel-702-0-0-0\" class=\"so-panel widget widget_text panel-first-child panel-last-child\" data-index=\"0\" >\t\t\t<div class=\"textwidget\"><\/div>\n\t\t<\/div><\/div><\/div><div id=\"pg-702-1\"  class=\"panel-grid panel-no-style\" ><div id=\"pgc-702-1-0\"  class=\"panel-grid-cell\" ><div id=\"panel-702-1-0-0\" class=\"so-panel widget widget_sow-image panel-first-child panel-last-child\" data-index=\"1\" ><div\n\t\t\t\n\t\t\tclass=\"so-widget-sow-image so-widget-sow-image-default-8b5b6f678277-702\"\n\t\t\t\n\t\t>\n<div class=\"sow-image-container\">\n\t\t<img \n\tsrc=\"https:\/\/gites-jardins-ilona.com\/wp-content\/uploads\/2026\/02\/AdobeStock_590539946.jpeg\" width=\"1349\" height=\"900\" srcset=\"https:\/\/gites-jardins-ilona.com\/wp-content\/uploads\/2026\/02\/AdobeStock_590539946.jpeg 1349w, https:\/\/gites-jardins-ilona.com\/wp-content\/uploads\/2026\/02\/AdobeStock_590539946-300x200.jpeg 300w, https:\/\/gites-jardins-ilona.com\/wp-content\/uploads\/2026\/02\/AdobeStock_590539946-1024x683.jpeg 1024w\" sizes=\"(max-width: 1349px) 100vw, 1349px\" title=\"C\u00f4t\u00e9 ouest de la cath\u00e9drale Notre-Dame de St-Omer dans le Pas-de-Calais &#8211; France\" alt=\"\" \t\tclass=\"so-widget-image\"\/>\n\t<\/div>\n\n<\/div><\/div><\/div><div id=\"pgc-702-1-1\"  class=\"panel-grid-cell\" ><div id=\"panel-702-1-1-0\" class=\"so-panel widget widget_text panel-first-child panel-last-child\" data-index=\"2\" ><h3 class=\"widget-title\">La Cath\u00e9drale de Saint Omer<\/h3>\t\t\t<div class=\"textwidget\"><p data-start=\"44\" data-end=\"221\">Joyau de l\u2019architecture gothique, la cath\u00e9drale est r\u00e9put\u00e9e pour <strong data-start=\"109\" data-end=\"136\">ses orgues majestueuses<\/strong> et pour abriter <strong data-start=\"153\" data-end=\"220\"><em data-start=\"155\" data-end=\"177\">La Descente de Croix<\/em> de <span class=\"hover:entity-accent entity-underline inline cursor-pointer align-baseline\"><span class=\"whitespace-normal\">Pierre Paul Rubens<\/span><\/span><\/strong>.<\/p>\n<p data-start=\"223\" data-end=\"446\" data-is-last-node=\"\" data-is-only-node=\"\">Situ\u00e9e au c\u0153ur de l\u2019Enclos Notre-Dame, \u00e0 proximit\u00e9 du <span class=\"hover:entity-accent entity-underline inline cursor-pointer align-baseline\"><span class=\"whitespace-normal\">Tribunal de Saint-Omer<\/span><\/span> et de la <span class=\"hover:entity-accent entity-underline inline cursor-pointer align-baseline\"><span class=\"whitespace-normal\">Motte castrale de Saint-Omer<\/span><\/span>, elle fait partie des <strong data-start=\"384\" data-end=\"445\">visites culturelles incontournables du Pays de Saint-Omer<\/strong>.<\/p>\n<\/div>\n\t\t<\/div><\/div><\/div><div id=\"pg-702-2\"  class=\"panel-grid panel-no-style\" ><div id=\"pgc-702-2-0\"  class=\"panel-grid-cell\" ><div id=\"panel-702-2-0-0\" class=\"so-panel widget widget_sow-image panel-first-child panel-last-child\" data-index=\"3\" ><div\n\t\t\t\n\t\t\tclass=\"so-widget-sow-image so-widget-sow-image-default-8b5b6f678277-702\"\n\t\t\t\n\t\t>\n<div class=\"sow-image-container\">\n\t\t<img \n\tsrc=\"https:\/\/gites-jardins-ilona.com\/wp-content\/uploads\/2026\/02\/AdobeStock_163018621.jpeg\" width=\"1200\" height=\"900\" srcset=\"https:\/\/gites-jardins-ilona.com\/wp-content\/uploads\/2026\/02\/AdobeStock_163018621.jpeg 1200w, https:\/\/gites-jardins-ilona.com\/wp-content\/uploads\/2026\/02\/AdobeStock_163018621-300x225.jpeg 300w, https:\/\/gites-jardins-ilona.com\/wp-content\/uploads\/2026\/02\/AdobeStock_163018621-1024x768.jpeg 1024w\" sizes=\"(max-width: 1200px) 100vw, 1200px\" title=\"Le marais audomarois\" alt=\"\" \t\tclass=\"so-widget-image\"\/>\n\t<\/div>\n\n<\/div><\/div><\/div><div id=\"pgc-702-2-1\"  class=\"panel-grid-cell\" ><div id=\"panel-702-2-1-0\" class=\"so-panel widget widget_text panel-first-child panel-last-child\" data-index=\"4\" ><h3 class=\"widget-title\">Le Marais Audomarois<\/h3>\t\t\t<div class=\"textwidget\"><p data-start=\"45\" data-end=\"226\">Class\u00e9 <strong data-start=\"62\" data-end=\"148\">R\u00e9serve de biosph\u00e8re \u201cMan &amp; Biosphere\u201d par l\u2019<span class=\"hover:entity-accent entity-underline inline cursor-pointer align-baseline\"><span class=\"whitespace-normal\">UNESCO<\/span><\/span><\/strong>, le Marais Audomarois est un site naturel d\u2019exception \u00e0 d\u00e9couvrir absolument.<\/p>\n<p data-start=\"228\" data-end=\"406\">Entre <strong data-start=\"234\" data-end=\"254\">marais mara\u00eecher<\/strong>, <strong data-start=\"256\" data-end=\"274\">marais sauvage<\/strong> et <strong data-start=\"278\" data-end=\"297\">zones cultiv\u00e9es<\/strong>, il d\u00e9voile une mosa\u00efque de paysages uniques, t\u00e9moignant de la richesse \u00e9cologique et du savoir-faire local.<\/p>\n<p data-start=\"408\" data-end=\"496\" data-is-last-node=\"\" data-is-only-node=\"\">Une immersion au c\u0153ur de l\u2019identit\u00e9 audomaroise, entre nature, patrimoine et traditions.<\/p>\n<\/div>\n\t\t<\/div><\/div><\/div><div id=\"pg-702-3\"  class=\"panel-grid panel-no-style\" ><div id=\"pgc-702-3-0\"  class=\"panel-grid-cell\" ><div id=\"panel-702-3-0-0\" class=\"so-panel widget widget_sow-image panel-first-child panel-last-child\" data-index=\"5\" ><div\n\t\t\t\n\t\t\tclass=\"so-widget-sow-image so-widget-sow-image-default-8b5b6f678277-702\"\n\t\t\t\n\t\t>\n<div class=\"sow-image-container\">\n\t\t<img \n\tsrc=\"https:\/\/gites-jardins-ilona.com\/wp-content\/uploads\/2026\/02\/Firefly_Musee-sandelin-a-saint-omer-850793-1.png\" width=\"1349\" height=\"899\" srcset=\"https:\/\/gites-jardins-ilona.com\/wp-content\/uploads\/2026\/02\/Firefly_Musee-sandelin-a-saint-omer-850793-1.png 1349w, https:\/\/gites-jardins-ilona.com\/wp-content\/uploads\/2026\/02\/Firefly_Musee-sandelin-a-saint-omer-850793-1-300x200.png 300w, https:\/\/gites-jardins-ilona.com\/wp-content\/uploads\/2026\/02\/Firefly_Musee-sandelin-a-saint-omer-850793-1-1024x682.png 1024w\" sizes=\"(max-width: 1349px) 100vw, 1349px\" title=\"Firefly_Mus\u00e9e sandelin \u00e0 saint omer 850793\" alt=\"\" \t\tclass=\"so-widget-image\"\/>\n\t<\/div>\n\n<\/div><\/div><\/div><div id=\"pgc-702-3-1\"  class=\"panel-grid-cell\" ><div id=\"panel-702-3-1-0\" class=\"so-panel widget widget_text panel-first-child panel-last-child\" data-index=\"6\" ><h3 class=\"widget-title\">Le Mus\u00e9e Sandelin<\/h3>\t\t\t<div class=\"textwidget\"><p data-start=\"46\" data-end=\"210\">Install\u00e9 dans un \u00e9l\u00e9gant h\u00f4tel particulier du XVIII\u1d49 si\u00e8cle, le Mus\u00e9e Sandelin propose un <strong data-start=\"136\" data-end=\"178\">parcours \u00e0 travers l\u2019art et l\u2019histoire<\/strong>, de l\u2019Antiquit\u00e9 au XIX\u1d49 si\u00e8cle.<\/p>\n<p data-start=\"212\" data-end=\"368\" data-is-last-node=\"\" data-is-only-node=\"\">Peintures, sculptures et objets d\u2019art composent des collections riches et vari\u00e9es, faisant de ce lieu une <strong data-start=\"318\" data-end=\"367\">visite culturelle incontournable \u00e0 Saint-Omer<\/strong>.<\/p>\n<\/div>\n\t\t<\/div><\/div><\/div><div id=\"pg-702-4\"  class=\"panel-grid panel-has-style\" ><div class=\"panel-row-style panel-row-style-for-702-4\" ><div id=\"pgc-702-4-0\"  class=\"panel-grid-cell\" ><div id=\"panel-702-4-0-0\" class=\"so-panel widget widget_sow-image panel-first-child panel-last-child\" data-index=\"7\" ><div\n\t\t\t\n\t\t\tclass=\"so-widget-sow-image so-widget-sow-image-default-8b5b6f678277-702\"\n\t\t\t\n\t\t>\n<div class=\"sow-image-container\">\n\t\t<img \n\tsrc=\"https:\/\/gites-jardins-ilona.com\/wp-content\/uploads\/2016\/12\/lesfontinettes-e1724792959228.jpg\" width=\"1349\" height=\"900\" srcset=\"https:\/\/gites-jardins-ilona.com\/wp-content\/uploads\/2016\/12\/lesfontinettes-e1724792959228.jpg 1349w, https:\/\/gites-jardins-ilona.com\/wp-content\/uploads\/2016\/12\/lesfontinettes-e1724792959228-300x200.jpg 300w, https:\/\/gites-jardins-ilona.com\/wp-content\/uploads\/2016\/12\/lesfontinettes-e1724792959228-768x512.jpg 768w, https:\/\/gites-jardins-ilona.com\/wp-content\/uploads\/2016\/12\/lesfontinettes-e1724792959228-1024x683.jpg 1024w, https:\/\/gites-jardins-ilona.com\/wp-content\/uploads\/2016\/12\/lesfontinettes-e1724792959228-272x182.jpg 272w\" sizes=\"(max-width: 1349px) 100vw, 1349px\" title=\"les Fontinettes Arques\" alt=\"\" \t\tclass=\"so-widget-image\"\/>\n\t<\/div>\n\n<\/div><\/div><\/div><div id=\"pgc-702-4-1\"  class=\"panel-grid-cell\" ><div id=\"panel-702-4-1-0\" class=\"so-panel widget widget_text panel-first-child panel-last-child\" data-index=\"8\" ><h3 class=\"widget-title\">L&rsquo;ascenseur \u00e0 bateaux des Fontinettes<\/h3>\t\t\t<div class=\"textwidget\"><p data-start=\"44\" data-end=\"215\">V\u00e9ritable <strong data-start=\"54\" data-end=\"98\">chef-d\u2019\u0153uvre d\u2019ing\u00e9nierie du XIX\u1d49 si\u00e8cle<\/strong>, cet ascenseur fluvial permettait autrefois aux bateaux de franchir le d\u00e9nivel\u00e9 entre l\u2019Aa et le canal de Neuffoss\u00e9.<\/p>\n<p data-start=\"217\" data-end=\"334\" data-is-last-node=\"\" data-is-only-node=\"\">Aujourd\u2019hui ouvert \u00e0 la visite, il offre une <strong data-start=\"262\" data-end=\"311\">d\u00e9couverte originale du patrimoine industriel<\/strong> du Pays de Saint-Omer.<\/p>\n<\/div>\n\t\t<\/div><\/div><\/div><\/div><div id=\"pg-702-5\"  class=\"panel-grid panel-no-style\" ><div id=\"pgc-702-5-0\"  class=\"panel-grid-cell\" ><div id=\"panel-702-5-0-0\" class=\"so-panel widget widget_sow-image panel-first-child panel-last-child\" data-index=\"9\" ><div\n\t\t\t\n\t\t\tclass=\"so-widget-sow-image so-widget-sow-image-default-8b5b6f678277-702\"\n\t\t\t\n\t\t>\n<div class=\"sow-image-container\">\n\t\t<img \n\tsrc=\"https:\/\/gites-jardins-ilona.com\/wp-content\/uploads\/2026\/02\/Firefly_Enleve-le-panneau-850793.png\" width=\"1349\" height=\"899\" srcset=\"https:\/\/gites-jardins-ilona.com\/wp-content\/uploads\/2026\/02\/Firefly_Enleve-le-panneau-850793.png 1349w, https:\/\/gites-jardins-ilona.com\/wp-content\/uploads\/2026\/02\/Firefly_Enleve-le-panneau-850793-300x200.png 300w, https:\/\/gites-jardins-ilona.com\/wp-content\/uploads\/2026\/02\/Firefly_Enleve-le-panneau-850793-1024x682.png 1024w\" sizes=\"(max-width: 1349px) 100vw, 1349px\" title=\"Firefly_Enl\u00e8ve le panneau 850793\" alt=\"\" \t\tclass=\"so-widget-image\"\/>\n\t<\/div>\n\n<\/div><\/div><\/div><div id=\"pgc-702-5-1\"  class=\"panel-grid-cell\" ><div id=\"panel-702-5-1-0\" class=\"so-panel widget widget_text panel-first-child panel-last-child\" data-index=\"10\" ><h3 class=\"widget-title\">La Coupole d&rsquo;Helfaut<\/h3>\t\t\t<div class=\"textwidget\"><p data-start=\"45\" data-end=\"201\">Ancienne base de lancement de fus\u00e9es V2 durant la Seconde Guerre mondiale, La Coupole est aujourd\u2019hui un <strong data-start=\"150\" data-end=\"200\">centre d\u2019histoire et de m\u00e9moire incontournable<\/strong>.<\/p>\n<p data-start=\"203\" data-end=\"370\" data-is-last-node=\"\" data-is-only-node=\"\">\u00c0 travers ses expositions et son plan\u00e9tarium, le site propose une <strong data-start=\"269\" data-end=\"338\">immersion captivante entre histoire, science et conqu\u00eate spatiale<\/strong>, au c\u0153ur du Pays de Saint-Omer.<\/p>\n<\/div>\n\t\t<\/div><\/div><\/div><div id=\"pg-702-6\"  class=\"panel-grid panel-no-style\" ><div id=\"pgc-702-6-0\"  class=\"panel-grid-cell\" ><div id=\"panel-702-6-0-0\" class=\"so-panel widget widget_text panel-first-child panel-last-child\" data-index=\"11\" >\t\t\t<div class=\"textwidget\"><p>&nbsp;<\/p>\n<p>&nbsp;<\/p>\n<\/div>\n\t\t<\/div><\/div><\/div><\/div>","protected":false},"excerpt":{"rendered":"<p>Joyau de l\u2019architecture gothique, la cath\u00e9drale est r\u00e9put\u00e9e pour ses orgues majestueuses et pour abriter La Descente de Croix de Pierre Paul Rubens. Situ\u00e9e au c\u0153ur de l\u2019Enclos Notre-Dame, \u00e0 proximit\u00e9 du Tribunal de Saint-Omer et de la Motte castrale de Saint-Omer, elle fait partie des visites culturelles incontournables du Pays de Saint-Omer.<\/p>\n","protected":false},"author":1,"featured_media":0,"parent":0,"menu_order":0,"comment_status":"closed","ping_status":"closed","template":"","meta":{"footnotes":""},"class_list":["post-702","page","type-page","status-publish","hentry"],"yoast_head":"<!-- This site is optimized with the Yoast SEO plugin v24.9 - https:\/\/yoast.com\/wordpress\/plugins\/seo\/ -->\n<title>Visites culturelles - Les Jardins d&#039;Ilona<\/title>\n<meta name=\"description\" content=\"Retrouvez nos visites culturelles \u00e0 proximit\u00e9 des gites; le marais audomarois, la cath\u00e9drale de Saint-Omer, le mus\u00e9e Sandelin...\" \/>\n<meta name=\"robots\" content=\"index, follow, max-snippet:-1, max-image-preview:large, max-video-preview:-1\" \/>\n<link rel=\"canonical\" href=\"https:\/\/gites-jardins-ilona.com\/index.php\/visites-culturelles\/\" \/>\n<meta property=\"og:locale\" content=\"fr_FR\" \/>\n<meta property=\"og:type\" content=\"article\" \/>\n<meta property=\"og:title\" content=\"Visites culturelles - Les Jardins d&#039;Ilona\" \/>\n<meta property=\"og:description\" content=\"Retrouvez nos visites culturelles \u00e0 proximit\u00e9 des gites; le marais audomarois, la cath\u00e9drale de Saint-Omer, le mus\u00e9e Sandelin...\" \/>\n<meta property=\"og:url\" content=\"https:\/\/gites-jardins-ilona.com\/index.php\/visites-culturelles\/\" \/>\n<meta property=\"og:site_name\" content=\"Les Jardins d&#039;Ilona\" \/>\n<meta property=\"article:modified_time\" content=\"2026-02-24T16:40:53+00:00\" \/>\n<meta name=\"twitter:card\" content=\"summary_large_image\" \/>\n<meta name=\"twitter:label1\" content=\"Dur\u00e9e de lecture estim\u00e9e\" \/>\n\t<meta name=\"twitter:data1\" content=\"3 minutes\" \/>\n<script type=\"application\/ld+json\" class=\"yoast-schema-graph\">{\"@context\":\"https:\/\/schema.org\",\"@graph\":[{\"@type\":\"WebPage\",\"@id\":\"https:\/\/gites-jardins-ilona.com\/index.php\/visites-culturelles\/\",\"url\":\"https:\/\/gites-jardins-ilona.com\/index.php\/visites-culturelles\/\",\"name\":\"Visites culturelles - Les Jardins d&#039;Ilona\",\"isPartOf\":{\"@id\":\"https:\/\/gites-jardins-ilona.com\/#website\"},\"datePublished\":\"2016-12-18T19:47:40+00:00\",\"dateModified\":\"2026-02-24T16:40:53+00:00\",\"description\":\"Retrouvez nos visites culturelles \u00e0 proximit\u00e9 des gites; le marais audomarois, la cath\u00e9drale de Saint-Omer, le mus\u00e9e Sandelin...\",\"breadcrumb\":{\"@id\":\"https:\/\/gites-jardins-ilona.com\/index.php\/visites-culturelles\/#breadcrumb\"},\"inLanguage\":\"fr-FR\",\"potentialAction\":[{\"@type\":\"ReadAction\",\"target\":[\"https:\/\/gites-jardins-ilona.com\/index.php\/visites-culturelles\/\"]}]},{\"@type\":\"BreadcrumbList\",\"@id\":\"https:\/\/gites-jardins-ilona.com\/index.php\/visites-culturelles\/#breadcrumb\",\"itemListElement\":[{\"@type\":\"ListItem\",\"position\":1,\"name\":\"Accueil\",\"item\":\"https:\/\/gites-jardins-ilona.com\/\"},{\"@type\":\"ListItem\",\"position\":2,\"name\":\"Visites culturelles\"}]},{\"@type\":\"WebSite\",\"@id\":\"https:\/\/gites-jardins-ilona.com\/#website\",\"url\":\"https:\/\/gites-jardins-ilona.com\/\",\"name\":\"Les Jardins d&#039;Ilona\",\"description\":\"Gites et s\u00e9minaires \u00e0 Arques \",\"publisher\":{\"@id\":\"https:\/\/gites-jardins-ilona.com\/#organization\"},\"potentialAction\":[{\"@type\":\"SearchAction\",\"target\":{\"@type\":\"EntryPoint\",\"urlTemplate\":\"https:\/\/gites-jardins-ilona.com\/?s={search_term_string}\"},\"query-input\":{\"@type\":\"PropertyValueSpecification\",\"valueRequired\":true,\"valueName\":\"search_term_string\"}}],\"inLanguage\":\"fr-FR\"},{\"@type\":\"Organization\",\"@id\":\"https:\/\/gites-jardins-ilona.com\/#organization\",\"name\":\"SARL Ilona\",\"url\":\"https:\/\/gites-jardins-ilona.com\/\",\"logo\":{\"@type\":\"ImageObject\",\"inLanguage\":\"fr-FR\",\"@id\":\"https:\/\/gites-jardins-ilona.com\/#\/schema\/logo\/image\/\",\"url\":\"https:\/\/gites-jardins-ilona.com\/wp-content\/uploads\/2024\/10\/cropped-Logo-site-internet-e1729692351709.png\",\"contentUrl\":\"https:\/\/gites-jardins-ilona.com\/wp-content\/uploads\/2024\/10\/cropped-Logo-site-internet-e1729692351709.png\",\"width\":216,\"height\":100,\"caption\":\"SARL Ilona\"},\"image\":{\"@id\":\"https:\/\/gites-jardins-ilona.com\/#\/schema\/logo\/image\/\"}}]}<\/script>\n<!-- \/ Yoast SEO plugin. -->","yoast_head_json":{"title":"Visites culturelles - Les Jardins d&#039;Ilona","description":"Retrouvez nos visites culturelles \u00e0 proximit\u00e9 des gites; le marais audomarois, la cath\u00e9drale de Saint-Omer, le mus\u00e9e Sandelin...","robots":{"index":"index","follow":"follow","max-snippet":"max-snippet:-1","max-image-preview":"max-image-preview:large","max-video-preview":"max-video-preview:-1"},"canonical":"https:\/\/gites-jardins-ilona.com\/index.php\/visites-culturelles\/","og_locale":"fr_FR","og_type":"article","og_title":"Visites culturelles - Les Jardins d&#039;Ilona","og_description":"Retrouvez nos visites culturelles \u00e0 proximit\u00e9 des gites; le marais audomarois, la cath\u00e9drale de Saint-Omer, le mus\u00e9e Sandelin...","og_url":"https:\/\/gites-jardins-ilona.com\/index.php\/visites-culturelles\/","og_site_name":"Les Jardins d&#039;Ilona","article_modified_time":"2026-02-24T16:40:53+00:00","twitter_card":"summary_large_image","twitter_misc":{"Dur\u00e9e de lecture estim\u00e9e":"3 minutes"},"schema":{"@context":"https:\/\/schema.org","@graph":[{"@type":"WebPage","@id":"https:\/\/gites-jardins-ilona.com\/index.php\/visites-culturelles\/","url":"https:\/\/gites-jardins-ilona.com\/index.php\/visites-culturelles\/","name":"Visites culturelles - Les Jardins d&#039;Ilona","isPartOf":{"@id":"https:\/\/gites-jardins-ilona.com\/#website"},"datePublished":"2016-12-18T19:47:40+00:00","dateModified":"2026-02-24T16:40:53+00:00","description":"Retrouvez nos visites culturelles \u00e0 proximit\u00e9 des gites; le marais audomarois, la cath\u00e9drale de Saint-Omer, le mus\u00e9e Sandelin...","breadcrumb":{"@id":"https:\/\/gites-jardins-ilona.com\/index.php\/visites-culturelles\/#breadcrumb"},"inLanguage":"fr-FR","potentialAction":[{"@type":"ReadAction","target":["https:\/\/gites-jardins-ilona.com\/index.php\/visites-culturelles\/"]}]},{"@type":"BreadcrumbList","@id":"https:\/\/gites-jardins-ilona.com\/index.php\/visites-culturelles\/#breadcrumb","itemListElement":[{"@type":"ListItem","position":1,"name":"Accueil","item":"https:\/\/gites-jardins-ilona.com\/"},{"@type":"ListItem","position":2,"name":"Visites culturelles"}]},{"@type":"WebSite","@id":"https:\/\/gites-jardins-ilona.com\/#website","url":"https:\/\/gites-jardins-ilona.com\/","name":"Les Jardins d&#039;Ilona","description":"Gites et s\u00e9minaires \u00e0 Arques ","publisher":{"@id":"https:\/\/gites-jardins-ilona.com\/#organization"},"potentialAction":[{"@type":"SearchAction","target":{"@type":"EntryPoint","urlTemplate":"https:\/\/gites-jardins-ilona.com\/?s={search_term_string}"},"query-input":{"@type":"PropertyValueSpecification","valueRequired":true,"valueName":"search_term_string"}}],"inLanguage":"fr-FR"},{"@type":"Organization","@id":"https:\/\/gites-jardins-ilona.com\/#organization","name":"SARL Ilona","url":"https:\/\/gites-jardins-ilona.com\/","logo":{"@type":"ImageObject","inLanguage":"fr-FR","@id":"https:\/\/gites-jardins-ilona.com\/#\/schema\/logo\/image\/","url":"https:\/\/gites-jardins-ilona.com\/wp-content\/uploads\/2024\/10\/cropped-Logo-site-internet-e1729692351709.png","contentUrl":"https:\/\/gites-jardins-ilona.com\/wp-content\/uploads\/2024\/10\/cropped-Logo-site-internet-e1729692351709.png","width":216,"height":100,"caption":"SARL Ilona"},"image":{"@id":"https:\/\/gites-jardins-ilona.com\/#\/schema\/logo\/image\/"}}]}},"_links":{"self":[{"href":"https:\/\/gites-jardins-ilona.com\/index.php\/wp-json\/wp\/v2\/pages\/702","targetHints":{"allow":["GET"]}}],"collection":[{"href":"https:\/\/gites-jardins-ilona.com\/index.php\/wp-json\/wp\/v2\/pages"}],"about":[{"href":"https:\/\/gites-jardins-ilona.com\/index.php\/wp-json\/wp\/v2\/types\/page"}],"author":[{"embeddable":true,"href":"https:\/\/gites-jardins-ilona.com\/index.php\/wp-json\/wp\/v2\/users\/1"}],"replies":[{"embeddable":true,"href":"https:\/\/gites-jardins-ilona.com\/index.php\/wp-json\/wp\/v2\/comments?post=702"}],"version-history":[{"count":17,"href":"https:\/\/gites-jardins-ilona.com\/index.php\/wp-json\/wp\/v2\/pages\/702\/revisions"}],"predecessor-version":[{"id":3268,"href":"https:\/\/gites-jardins-ilona.com\/index.php\/wp-json\/wp\/v2\/pages\/702\/revisions\/3268"}],"wp:attachment":[{"href":"https:\/\/gites-jardins-ilona.com\/index.php\/wp-json\/wp\/v2\/media?parent=702"}],"curies":[{"name":"wp","href":"https:\/\/api.w.org\/{rel}","templated":true}]}}