{"id":508,"date":"2016-12-07T16:20:15","date_gmt":"2016-12-07T15:20:15","guid":{"rendered":"http:\/\/gites-jardins-ilona.com\/?page_id=508"},"modified":"2026-02-24T18:32:06","modified_gmt":"2026-02-24T17:32:06","slug":"contactez-nous","status":"publish","type":"page","link":"https:\/\/gites-jardins-ilona.com\/index.php\/contactez-nous\/","title":{"rendered":"Contact"},"content":{"rendered":"<div id=\"pl-508\"  class=\"panel-layout\" ><div id=\"pg-508-0\"  class=\"panel-grid panel-has-style\" ><div class=\"panel-row-style panel-row-style-for-508-0\" ><div id=\"pgc-508-0-0\"  class=\"panel-grid-cell\" ><div id=\"panel-508-0-0-0\" class=\"so-panel widget widget_text panel-first-child panel-last-child\" data-index=\"0\" >\t\t\t<div class=\"textwidget\"><\/div>\n\t\t<\/div><\/div><\/div><\/div><div id=\"pg-508-1\"  class=\"panel-grid panel-has-style\" ><div class=\"panel-row-style panel-row-style-for-508-1\" ><div id=\"pgc-508-1-0\"  class=\"panel-grid-cell\" ><div id=\"panel-508-1-0-0\" class=\"so-panel widget widget_text panel-first-child panel-last-child\" data-index=\"1\" ><h3 class=\"widget-title\">Contactez-nous !<\/h3>\t\t\t<div class=\"textwidget\"><\/div>\n\t\t<\/div><\/div><\/div><\/div><div id=\"pg-508-2\"  class=\"panel-grid panel-has-style\" ><div class=\"panel-row-style panel-row-style-for-508-2\" ><div id=\"pgc-508-2-0\"  class=\"panel-grid-cell panel-grid-cell-empty\" ><\/div><div id=\"pgc-508-2-1\"  class=\"panel-grid-cell\" ><div id=\"panel-508-2-1-0\" class=\"so-panel widget widget_text panel-first-child panel-last-child\" data-index=\"2\" >\t\t\t<div class=\"textwidget\">\n<div class=\"wpcf7 no-js\" id=\"wpcf7-f1016-o1\" lang=\"fr-FR\" dir=\"ltr\">\n<div class=\"screen-reader-response\"><p role=\"status\" aria-live=\"polite\" aria-atomic=\"true\"><\/p> <ul><\/ul><\/div>\n<form action=\"\/index.php\/wp-json\/wp\/v2\/pages\/508#wpcf7-f1016-o1\" method=\"post\" class=\"wpcf7-form init\" aria-label=\"Formulaire de contact\" novalidate=\"novalidate\" data-status=\"init\">\n<div style=\"display: none;\">\n<input type=\"hidden\" name=\"_wpcf7\" value=\"1016\" \/>\n<input type=\"hidden\" name=\"_wpcf7_version\" value=\"5.7.3\" \/>\n<input type=\"hidden\" name=\"_wpcf7_locale\" value=\"fr_FR\" \/>\n<input type=\"hidden\" name=\"_wpcf7_unit_tag\" value=\"wpcf7-f1016-o1\" \/>\n<input type=\"hidden\" name=\"_wpcf7_container_post\" value=\"0\" \/>\n<input type=\"hidden\" name=\"_wpcf7_posted_data_hash\" value=\"\" \/>\n<\/div>\n<p><label> Votre nom (obligatoire)<span class=\"wpcf7-form-control-wrap\" data-name=\"your-name\"><input size=\"100\" class=\"wpcf7-form-control wpcf7-text wpcf7-validates-as-required\" aria-required=\"true\" aria-invalid=\"false\" value=\"\" type=\"text\" name=\"your-name\" \/><\/span> <\/label><br \/>\n<label> Votre e-mail (obligatoire)<span class=\"wpcf7-form-control-wrap\" data-name=\"your-email\"><input size=\"100\" class=\"wpcf7-form-control wpcf7-text wpcf7-email wpcf7-validates-as-required wpcf7-validates-as-email\" aria-required=\"true\" aria-invalid=\"false\" value=\"\" type=\"email\" name=\"your-email\" \/><\/span> <\/label><br \/>\n<label> Votre mobile (obligatoire)<span class=\"wpcf7-form-control-wrap\" data-name=\"mobile\"><input size=\"40\" class=\"wpcf7-form-control wpcf7-text wpcf7-tel wpcf7-validates-as-required wpcf7-validates-as-tel\" aria-required=\"true\" aria-invalid=\"false\" value=\"\" type=\"tel\" name=\"mobile\" \/><\/span><\/label>\n<\/p>\n<p><label> Du <span class=\"wpcf7-form-control-wrap\" data-name=\"date-arrive\"><input class=\"wpcf7-form-control wpcf7-date wpcf7-validates-as-date\" aria-invalid=\"false\" value=\"\" type=\"date\" name=\"date-arrive\" \/><\/span> <\/label><label> au <span class=\"wpcf7-form-control-wrap\" data-name=\"date-depart\"><input class=\"wpcf7-form-control wpcf7-date wpcf7-validates-as-date\" aria-invalid=\"false\" value=\"\" type=\"date\" name=\"date-depart\" \/><\/span> <\/label><label> pour <span class=\"wpcf7-form-control-wrap\" data-name=\"Nombredepersonnes\"><select class=\"wpcf7-form-control wpcf7-select\" aria-invalid=\"false\" name=\"Nombredepersonnes\"><option value=\"1\">1<\/option><option value=\"2\">2<\/option><option value=\"3\">3<\/option><option value=\"4\">4<\/option><option value=\"5\">5<\/option><option value=\"6\">6<\/option><option value=\"7\">7<\/option><option value=\"8\">8<\/option><option value=\"9\">9<\/option><option value=\"10\">10<\/option><option value=\"11\">11<\/option><option value=\"12\">12<\/option><option value=\"13\">13<\/option><option value=\"14\">14<\/option><option value=\"15\">15<\/option><option value=\"16\">16<\/option><option value=\"17\">17<\/option><option value=\"18\">18<\/option><option value=\"19+\">19+<\/option><\/select><\/span> personne(s) [jj\/mm\/aaaa]<\/label>\n<\/p>\n<p><label> Votre message<br \/>\n<span class=\"wpcf7-form-control-wrap\" data-name=\"your-message\"><textarea cols=\"150\" rows=\"10\" class=\"wpcf7-form-control wpcf7-textarea\" aria-invalid=\"false\" name=\"your-message\"><\/textarea><\/span> <\/label>\n<\/p>\n<p><input class=\"wpcf7-form-control has-spinner wpcf7-submit\" type=\"submit\" value=\"Envoyer\" \/>\n<\/p><div class=\"wpcf7-response-output\" aria-hidden=\"true\"><\/div>\n<\/form>\n<\/div>\n\n<\/div>\n\t\t<\/div><\/div><div id=\"pgc-508-2-2\"  class=\"panel-grid-cell panel-grid-cell-mobile-last\" ><div id=\"panel-508-2-2-0\" class=\"so-panel widget panel-first-child panel-last-child\" data-index=\"3\" ><\/div><\/div><div id=\"pgc-508-2-3\"  class=\"panel-grid-cell panel-grid-cell-empty\" ><\/div><\/div><\/div><div id=\"pg-508-3\"  class=\"panel-grid panel-no-style\" ><div id=\"pgc-508-3-0\"  class=\"panel-grid-cell\" ><div id=\"panel-508-3-0-0\" class=\"so-panel widget widget_sow-button panel-first-child panel-last-child\" data-index=\"4\" ><div class=\"panel-widget-style panel-widget-style-for-508-3-0-0\" ><div\n\t\t\t\n\t\t\tclass=\"so-widget-sow-button so-widget-sow-button-flat-c3a122ec46a8-508\"\n\t\t\t\n\t\t><div class=\"ow-button-base ow-button-align-center\"\n>\n\t\t\t<a\n\t\t\t\t\thref=\"http:\/\/jardins-ilona.amenitiz.io\/fr\/booking\/room\"\n\t\t\t\t\tclass=\"sowb-button ow-icon-placement-left\" \t>\n\t\t<span>\n\t\t\t\n\t\t\tDisponibilit\u00e9 et r\u00e9servation\t\t<\/span>\n\t\t\t<\/a>\n\t<\/div>\n<\/div><\/div><\/div><\/div><\/div><div id=\"pg-508-4\"  class=\"panel-grid panel-has-style\" ><div class=\"panel-row-style panel-row-style-for-508-4\" ><div id=\"pgc-508-4-0\"  class=\"panel-grid-cell\" ><div id=\"panel-508-4-0-0\" class=\"so-panel widget widget_text panel-first-child panel-last-child\" data-index=\"5\" ><h3 class=\"widget-title\">Acc\u00e8s<\/h3>\t\t\t<div class=\"textwidget\"><p><strong>Depuis Calais et Paris :<\/strong><\/p>\n<p data-start=\"84\" data-end=\"170\">Prendre la sortie <strong data-start=\"102\" data-end=\"121\">26 \u2013 Th\u00e9rouanne<\/strong> sur l\u2019A26.<br data-start=\"132\" data-end=\"135\" \/>Suivre la direction <strong data-start=\"155\" data-end=\"169\">Saint-Omer<\/strong>.<\/p>\n<p data-start=\"172\" data-end=\"273\">Au rond-point, emprunter la rocade en direction de <strong data-start=\"223\" data-end=\"237\">Saint-Omer<\/strong>, puis prendre la <strong data-start=\"255\" data-end=\"272\">sortie Arques<\/strong>.<\/p>\n<p data-start=\"275\" data-end=\"382\">Au rond-point <strong data-start=\"289\" data-end=\"304\">Intermarch\u00e9<\/strong>, tourner \u00e0 gauche.<br data-start=\"323\" data-end=\"326\" \/>Au rond-point <strong data-start=\"340\" data-end=\"361\">Pharmacie Trouart<\/strong>, tourner \u00e0 droite.<\/p>\n<p data-start=\"384\" data-end=\"518\">En haut de la c\u00f4te, tourner \u00e0 gauche dans la <strong data-start=\"429\" data-end=\"448\">rue Jean Jaur\u00e8s<\/strong>.<br data-start=\"449\" data-end=\"452\" \/>Prendre ensuite la <strong data-start=\"471\" data-end=\"496\">deuxi\u00e8me rue \u00e0 gauche<\/strong>, <strong data-start=\"498\" data-end=\"517\">rue Jules Ferry<\/strong>.<\/p>\n<\/div>\n\t\t<\/div><\/div><div id=\"pgc-508-4-1\"  class=\"panel-grid-cell\" ><div id=\"panel-508-4-1-0\" class=\"so-panel widget widget_text panel-first-child panel-last-child\" data-index=\"6\" >\t\t\t<div class=\"textwidget\"><p>&nbsp;<\/p>\n<p><strong>Depuis Lille :<\/strong><\/p>\n<p data-start=\"68\" data-end=\"131\">Prendre l\u2019<strong data-start=\"78\" data-end=\"85\">A25<\/strong>, sortie <strong data-start=\"94\" data-end=\"128\">n\u00b011 \u2013 Hazebrouck \/ Saint-Omer<\/strong>.<\/p>\n<p data-start=\"133\" data-end=\"201\">Traverser <strong data-start=\"143\" data-end=\"156\">Renescure<\/strong>, puis suivre la direction <strong data-start=\"183\" data-end=\"200\">Arques Centre<\/strong>.<\/p>\n<p data-start=\"203\" data-end=\"367\">Apr\u00e8s le panneau d\u2019entr\u00e9e <strong data-start=\"229\" data-end=\"239\">Arques<\/strong>, prendre la <strong data-start=\"252\" data-end=\"277\">premi\u00e8re rue \u00e0 droite<\/strong> : <strong data-start=\"280\" data-end=\"299\">rue Jean Jaur\u00e8s<\/strong>.<br data-start=\"300\" data-end=\"303\" \/>Puis prendre la <strong data-start=\"319\" data-end=\"344\" data-is-only-node=\"\">deuxi\u00e8me rue \u00e0 gauche<\/strong> : <strong data-start=\"347\" data-end=\"366\">rue Jules Ferry<\/strong>.<\/p>\n<\/div>\n\t\t<\/div><\/div><\/div><\/div><div id=\"pg-508-5\"  class=\"panel-grid panel-no-style\" ><div id=\"pgc-508-5-0\"  class=\"panel-grid-cell\" ><div id=\"panel-508-5-0-0\" class=\"so-panel widget widget_sow-google-map panel-first-child panel-last-child\" data-index=\"7\" ><div\n\t\t\t\n\t\t\tclass=\"so-widget-sow-google-map so-widget-sow-google-map-default-6b23895f316e-508\"\n\t\t\t\n\t\t>\n<div class=\"sow-google-map-canvas\"\n\tstyle=\"\"\n\tid=\"map-canvas-d35be0128c47f5ab6c6c76583c1327e9\"\n\tdata-options=\"{&quot;address&quot;:&quot;50.7429307, 2.3117516&quot;,&quot;zoom&quot;:13,&quot;mobileZoom&quot;:13,&quot;gestureHandling&quot;:&quot;none&quot;,&quot;disableUi&quot;:&quot;&quot;,&quot;markerIcon&quot;:false,&quot;markersDraggable&quot;:false,&quot;markerAtCenter&quot;:true,&quot;markerInfoDisplay&quot;:&quot;click&quot;,&quot;markerInfoMultiple&quot;:true,&quot;markerPositions&quot;:false,&quot;mapName&quot;:false,&quot;mapStyles&quot;:false,&quot;directions&quot;:&quot;&quot;,&quot;apiKey&quot;:&quot;AIzaSyAhStPoxNF74SsOI6VZCF-q8H2wA8q8dig&quot;,&quot;breakpoint&quot;:780,&quot;id&quot;:&quot;6a07cf&quot;}\"\n\tdata-fallback-image=\"{&quot;img&quot;:&quot;&quot;}\"><\/div>\n<\/div><\/div><\/div><\/div><div id=\"pg-508-6\"  class=\"panel-grid panel-has-style\" ><div class=\"panel-row-style panel-row-style-for-508-6\" ><div id=\"pgc-508-6-0\"  class=\"panel-grid-cell\" ><div id=\"panel-508-6-0-0\" class=\"so-panel widget widget_sow-image panel-first-child panel-last-child\" data-index=\"8\" ><div\n\t\t\t\n\t\t\tclass=\"so-widget-sow-image so-widget-sow-image-default-8b5b6f678277-508\"\n\t\t\t\n\t\t>\n<div class=\"sow-image-container\">\n\t\t<img \n\tsrc=\"https:\/\/gites-jardins-ilona.com\/wp-content\/uploads\/2018\/11\/scan0010-pdf.jpg\" width=\"1058\" height=\"1497\" sizes=\"(max-width: 1058px) 100vw, 1058px\" alt=\"\" \t\tclass=\"so-widget-image\"\/>\n\t<\/div>\n\n<\/div><\/div><\/div><div id=\"pgc-508-6-1\"  class=\"panel-grid-cell\" ><div id=\"panel-508-6-1-0\" class=\"so-panel widget widget_sow-image panel-first-child panel-last-child\" data-index=\"9\" ><div\n\t\t\t\n\t\t\tclass=\"so-widget-sow-image so-widget-sow-image-default-8b5b6f678277-508\"\n\t\t\t\n\t\t>\n<div class=\"sow-image-container\">\n\t\t<img \n\tsrc=\"https:\/\/gites-jardins-ilona.com\/wp-content\/uploads\/2017\/01\/Plan-Site-Global--e1724803019648.jpg\" width=\"1396\" height=\"981\" srcset=\"https:\/\/gites-jardins-ilona.com\/wp-content\/uploads\/2017\/01\/Plan-Site-Global--e1724803019648.jpg 1396w, https:\/\/gites-jardins-ilona.com\/wp-content\/uploads\/2017\/01\/Plan-Site-Global--e1724803019648-300x211.jpg 300w, https:\/\/gites-jardins-ilona.com\/wp-content\/uploads\/2017\/01\/Plan-Site-Global--e1724803019648-768x540.jpg 768w, https:\/\/gites-jardins-ilona.com\/wp-content\/uploads\/2017\/01\/Plan-Site-Global--e1724803019648-1024x720.jpg 1024w\" sizes=\"(max-width: 1396px) 100vw, 1396px\" title=\"Plan Site Global\" alt=\"\" \t\tclass=\"so-widget-image\"\/>\n\t<\/div>\n\n<\/div><\/div><\/div><\/div><\/div><\/div>","protected":false},"excerpt":{"rendered":"<p>Contactez-nous ! Votre nom (obligatoire) Votre e-mail (obligatoire) Votre mobile (obligatoire) Du au pour 12345678910111213141516171819+ personne(s) [jj\/mm\/aaaa] Votre message Disponibilit\u00e9 et r\u00e9servation Acc\u00e8s Depuis Calais et Paris : Prendre la sortie 26 \u2013 Th\u00e9rouanne sur l\u2019A26.Suivre la direction Saint-Omer. Au rond-point, emprunter la rocade en direction de Saint-Omer, puis prendre la sortie Arques. Au rond-point &hellip; <\/p>\n<p class=\"link-more\"><a href=\"https:\/\/gites-jardins-ilona.com\/index.php\/contactez-nous\/\" class=\"more-link\">Lire la suite de<span class=\"screen-reader-text\">\u00ab\u00a0Contact\u00a0\u00bb<\/span><\/a><\/p>\n","protected":false},"author":1,"featured_media":0,"parent":0,"menu_order":0,"comment_status":"closed","ping_status":"closed","template":"","meta":{"footnotes":""},"class_list":["post-508","page","type-page","status-publish","hentry"],"yoast_head":"<!-- This site is optimized with the Yoast SEO plugin v24.9 - https:\/\/yoast.com\/wordpress\/plugins\/seo\/ -->\n<title>Contact ez-nous - Les Jardins d&#039;Ilona<\/title>\n<meta name=\"description\" content=\"Vous souhaitez s\u00e9journer aux Jardins d&#039;Ilona ? Veuillez trouver ci-joint toutes les informations n\u00e9cessaire. Contactez-nous !\" \/>\n<meta name=\"robots\" content=\"index, follow, max-snippet:-1, max-image-preview:large, max-video-preview:-1\" \/>\n<link rel=\"canonical\" href=\"https:\/\/gites-jardins-ilona.com\/index.php\/contactez-nous\/\" \/>\n<meta property=\"og:locale\" content=\"fr_FR\" \/>\n<meta property=\"og:type\" content=\"article\" \/>\n<meta property=\"og:title\" content=\"Contact ez-nous - Les Jardins d&#039;Ilona\" \/>\n<meta property=\"og:description\" content=\"Vous souhaitez s\u00e9journer aux Jardins d&#039;Ilona ? Veuillez trouver ci-joint toutes les informations n\u00e9cessaire. Contactez-nous !\" \/>\n<meta property=\"og:url\" content=\"https:\/\/gites-jardins-ilona.com\/index.php\/contactez-nous\/\" \/>\n<meta property=\"og:site_name\" content=\"Les Jardins d&#039;Ilona\" \/>\n<meta property=\"article:modified_time\" content=\"2026-02-24T17:32:06+00:00\" \/>\n<meta name=\"twitter:card\" content=\"summary_large_image\" \/>\n<meta name=\"twitter:label1\" content=\"Dur\u00e9e de lecture estim\u00e9e\" \/>\n\t<meta name=\"twitter:data1\" content=\"2 minutes\" \/>\n<script type=\"application\/ld+json\" class=\"yoast-schema-graph\">{\"@context\":\"https:\/\/schema.org\",\"@graph\":[{\"@type\":\"WebPage\",\"@id\":\"https:\/\/gites-jardins-ilona.com\/index.php\/contactez-nous\/\",\"url\":\"https:\/\/gites-jardins-ilona.com\/index.php\/contactez-nous\/\",\"name\":\"Contact ez-nous - Les Jardins d&#039;Ilona\",\"isPartOf\":{\"@id\":\"https:\/\/gites-jardins-ilona.com\/#website\"},\"datePublished\":\"2016-12-07T15:20:15+00:00\",\"dateModified\":\"2026-02-24T17:32:06+00:00\",\"description\":\"Vous souhaitez s\u00e9journer aux Jardins d'Ilona ? Veuillez trouver ci-joint toutes les informations n\u00e9cessaire. Contactez-nous !\",\"breadcrumb\":{\"@id\":\"https:\/\/gites-jardins-ilona.com\/index.php\/contactez-nous\/#breadcrumb\"},\"inLanguage\":\"fr-FR\",\"potentialAction\":[{\"@type\":\"ReadAction\",\"target\":[\"https:\/\/gites-jardins-ilona.com\/index.php\/contactez-nous\/\"]}]},{\"@type\":\"BreadcrumbList\",\"@id\":\"https:\/\/gites-jardins-ilona.com\/index.php\/contactez-nous\/#breadcrumb\",\"itemListElement\":[{\"@type\":\"ListItem\",\"position\":1,\"name\":\"Accueil\",\"item\":\"https:\/\/gites-jardins-ilona.com\/\"},{\"@type\":\"ListItem\",\"position\":2,\"name\":\"Contact\"}]},{\"@type\":\"WebSite\",\"@id\":\"https:\/\/gites-jardins-ilona.com\/#website\",\"url\":\"https:\/\/gites-jardins-ilona.com\/\",\"name\":\"Les Jardins d&#039;Ilona\",\"description\":\"Gites et s\u00e9minaires \u00e0 Arques \",\"publisher\":{\"@id\":\"https:\/\/gites-jardins-ilona.com\/#organization\"},\"potentialAction\":[{\"@type\":\"SearchAction\",\"target\":{\"@type\":\"EntryPoint\",\"urlTemplate\":\"https:\/\/gites-jardins-ilona.com\/?s={search_term_string}\"},\"query-input\":{\"@type\":\"PropertyValueSpecification\",\"valueRequired\":true,\"valueName\":\"search_term_string\"}}],\"inLanguage\":\"fr-FR\"},{\"@type\":\"Organization\",\"@id\":\"https:\/\/gites-jardins-ilona.com\/#organization\",\"name\":\"SARL Ilona\",\"url\":\"https:\/\/gites-jardins-ilona.com\/\",\"logo\":{\"@type\":\"ImageObject\",\"inLanguage\":\"fr-FR\",\"@id\":\"https:\/\/gites-jardins-ilona.com\/#\/schema\/logo\/image\/\",\"url\":\"https:\/\/gites-jardins-ilona.com\/wp-content\/uploads\/2024\/10\/cropped-Logo-site-internet-e1729692351709.png\",\"contentUrl\":\"https:\/\/gites-jardins-ilona.com\/wp-content\/uploads\/2024\/10\/cropped-Logo-site-internet-e1729692351709.png\",\"width\":216,\"height\":100,\"caption\":\"SARL Ilona\"},\"image\":{\"@id\":\"https:\/\/gites-jardins-ilona.com\/#\/schema\/logo\/image\/\"}}]}<\/script>\n<!-- \/ Yoast SEO plugin. -->","yoast_head_json":{"title":"Contact ez-nous - Les Jardins d&#039;Ilona","description":"Vous souhaitez s\u00e9journer aux Jardins d'Ilona ? Veuillez trouver ci-joint toutes les informations n\u00e9cessaire. Contactez-nous !","robots":{"index":"index","follow":"follow","max-snippet":"max-snippet:-1","max-image-preview":"max-image-preview:large","max-video-preview":"max-video-preview:-1"},"canonical":"https:\/\/gites-jardins-ilona.com\/index.php\/contactez-nous\/","og_locale":"fr_FR","og_type":"article","og_title":"Contact ez-nous - Les Jardins d&#039;Ilona","og_description":"Vous souhaitez s\u00e9journer aux Jardins d'Ilona ? Veuillez trouver ci-joint toutes les informations n\u00e9cessaire. Contactez-nous !","og_url":"https:\/\/gites-jardins-ilona.com\/index.php\/contactez-nous\/","og_site_name":"Les Jardins d&#039;Ilona","article_modified_time":"2026-02-24T17:32:06+00:00","twitter_card":"summary_large_image","twitter_misc":{"Dur\u00e9e de lecture estim\u00e9e":"2 minutes"},"schema":{"@context":"https:\/\/schema.org","@graph":[{"@type":"WebPage","@id":"https:\/\/gites-jardins-ilona.com\/index.php\/contactez-nous\/","url":"https:\/\/gites-jardins-ilona.com\/index.php\/contactez-nous\/","name":"Contact ez-nous - Les Jardins d&#039;Ilona","isPartOf":{"@id":"https:\/\/gites-jardins-ilona.com\/#website"},"datePublished":"2016-12-07T15:20:15+00:00","dateModified":"2026-02-24T17:32:06+00:00","description":"Vous souhaitez s\u00e9journer aux Jardins d'Ilona ? Veuillez trouver ci-joint toutes les informations n\u00e9cessaire. Contactez-nous !","breadcrumb":{"@id":"https:\/\/gites-jardins-ilona.com\/index.php\/contactez-nous\/#breadcrumb"},"inLanguage":"fr-FR","potentialAction":[{"@type":"ReadAction","target":["https:\/\/gites-jardins-ilona.com\/index.php\/contactez-nous\/"]}]},{"@type":"BreadcrumbList","@id":"https:\/\/gites-jardins-ilona.com\/index.php\/contactez-nous\/#breadcrumb","itemListElement":[{"@type":"ListItem","position":1,"name":"Accueil","item":"https:\/\/gites-jardins-ilona.com\/"},{"@type":"ListItem","position":2,"name":"Contact"}]},{"@type":"WebSite","@id":"https:\/\/gites-jardins-ilona.com\/#website","url":"https:\/\/gites-jardins-ilona.com\/","name":"Les Jardins d&#039;Ilona","description":"Gites et s\u00e9minaires \u00e0 Arques ","publisher":{"@id":"https:\/\/gites-jardins-ilona.com\/#organization"},"potentialAction":[{"@type":"SearchAction","target":{"@type":"EntryPoint","urlTemplate":"https:\/\/gites-jardins-ilona.com\/?s={search_term_string}"},"query-input":{"@type":"PropertyValueSpecification","valueRequired":true,"valueName":"search_term_string"}}],"inLanguage":"fr-FR"},{"@type":"Organization","@id":"https:\/\/gites-jardins-ilona.com\/#organization","name":"SARL Ilona","url":"https:\/\/gites-jardins-ilona.com\/","logo":{"@type":"ImageObject","inLanguage":"fr-FR","@id":"https:\/\/gites-jardins-ilona.com\/#\/schema\/logo\/image\/","url":"https:\/\/gites-jardins-ilona.com\/wp-content\/uploads\/2024\/10\/cropped-Logo-site-internet-e1729692351709.png","contentUrl":"https:\/\/gites-jardins-ilona.com\/wp-content\/uploads\/2024\/10\/cropped-Logo-site-internet-e1729692351709.png","width":216,"height":100,"caption":"SARL Ilona"},"image":{"@id":"https:\/\/gites-jardins-ilona.com\/#\/schema\/logo\/image\/"}}]}},"_links":{"self":[{"href":"https:\/\/gites-jardins-ilona.com\/index.php\/wp-json\/wp\/v2\/pages\/508","targetHints":{"allow":["GET"]}}],"collection":[{"href":"https:\/\/gites-jardins-ilona.com\/index.php\/wp-json\/wp\/v2\/pages"}],"about":[{"href":"https:\/\/gites-jardins-ilona.com\/index.php\/wp-json\/wp\/v2\/types\/page"}],"author":[{"embeddable":true,"href":"https:\/\/gites-jardins-ilona.com\/index.php\/wp-json\/wp\/v2\/users\/1"}],"replies":[{"embeddable":true,"href":"https:\/\/gites-jardins-ilona.com\/index.php\/wp-json\/wp\/v2\/comments?post=508"}],"version-history":[{"count":37,"href":"https:\/\/gites-jardins-ilona.com\/index.php\/wp-json\/wp\/v2\/pages\/508\/revisions"}],"predecessor-version":[{"id":3277,"href":"https:\/\/gites-jardins-ilona.com\/index.php\/wp-json\/wp\/v2\/pages\/508\/revisions\/3277"}],"wp:attachment":[{"href":"https:\/\/gites-jardins-ilona.com\/index.php\/wp-json\/wp\/v2\/media?parent=508"}],"curies":[{"name":"wp","href":"https:\/\/api.w.org\/{rel}","templated":true}]}}