{"id":465,"date":"2016-12-07T13:13:32","date_gmt":"2016-12-07T12:13:32","guid":{"rendered":"http:\/\/gites-jardins-ilona.com\/?page_id=465"},"modified":"2026-03-04T22:38:55","modified_gmt":"2026-03-04T21:38:55","slug":"les-gites-les-jardins-dilona-vous-offrent-un-lieu-unique-pour-vous-reunir","status":"publish","type":"page","link":"https:\/\/gites-jardins-ilona.com\/","title":{"rendered":"Accueil"},"content":{"rendered":"<div id=\"pl-465\"  class=\"panel-layout\" ><div id=\"pg-465-0\"  class=\"panel-grid panel-has-style\" ><div class=\"siteorigin-panels-stretch panel-row-style panel-row-style-for-465-0\" data-stretch-type=\"full\" ><div id=\"pgc-465-0-0\"  class=\"panel-grid-cell\" ><div id=\"panel-465-0-0-0\" class=\"so-panel widget widget_text panel-first-child panel-last-child\" data-index=\"0\" ><div class=\"panel-widget-style panel-widget-style-for-465-0-0-0\" >\t\t\t<div class=\"textwidget\"><\/div>\n\t\t<\/div><\/div><\/div><\/div><\/div><div id=\"pg-465-1\"  class=\"panel-grid panel-has-style\" ><div class=\"siteorigin-panels-stretch panel-row-style panel-row-style-for-465-1\" data-stretch-type=\"full-width-stretch\" ><div id=\"pgc-465-1-0\"  class=\"panel-grid-cell panel-grid-cell-empty\" ><\/div><div id=\"pgc-465-1-1\"  class=\"panel-grid-cell panel-grid-cell-mobile-last\" ><div id=\"panel-465-1-1-0\" class=\"so-panel widget widget_text panel-first-child\" data-index=\"1\" ><div class=\"panel-widget-style panel-widget-style-for-465-1-1-0\" ><h3 class=\"widget-title\">Votre s\u00e9jour dans le Nord \u2013 Pas-de-Calais<\/h3>\t\t\t<div class=\"textwidget\"><p data-start=\"0\" data-end=\"106\">Une escapade en famille ? Un week-end entre amis ?<br data-start=\"50\" data-end=\"53\" \/>Un s\u00e9minaire au vert ? Un team-building inoubliable ?<\/p>\n<p data-start=\"108\" data-end=\"262\"><strong data-start=\"108\" data-end=\"131\">Les Jardins d\u2019Ilona<\/strong> vous ouvrent les portes d\u2019un lieu d\u2019exception : 6 g\u00eetes de charme, \u00e9l\u00e9gants et chaleureux, pouvant accueillir de 4 \u00e0 15 personnes.<\/p>\n<p data-start=\"264\" data-end=\"562\">Offrez-vous une parenth\u00e8se hors du temps au c\u0153ur de la campagne, o\u00f9 calme et s\u00e9r\u00e9nit\u00e9 rythment votre s\u00e9jour\u2026 tout en profitant des commerces \u00e0 proximit\u00e9 imm\u00e9diate. Entre d\u00e9couvertes culturelles, sites touristiques incontournables et activit\u00e9s sur place, chaque moment devient une exp\u00e9rience unique.<\/p>\n<p data-start=\"564\" data-end=\"731\" data-is-last-node=\"\" data-is-only-node=\"\">Un v\u00e9ritable havre de paix, nich\u00e9 au sein de l\u2019agglom\u00e9ration de <span class=\"hover:entity-accent entity-underline inline cursor-pointer align-baseline\"><span class=\"whitespace-normal\">Saint-Omer<\/span><\/span>, pour se retrouver, partager et cr\u00e9er des souvenirs inoubliables.<\/p>\n<\/div>\n\t\t<\/div><\/div><div id=\"panel-465-1-1-1\" class=\"so-panel widget widget_sow-button\" data-index=\"2\" ><div\n\t\t\t\n\t\t\tclass=\"so-widget-sow-button so-widget-sow-button-flat-349bdc371456-465\"\n\t\t\t\n\t\t><div class=\"ow-button-base ow-button-align-center\"\n>\n\t\t\t<a\n\t\t\t\t\thref=\"https:\/\/jardins-ilona.amenitiz.io\/\"\n\t\t\t\t\tclass=\"sowb-button ow-icon-placement-bottom ow-button-hover\" \t>\n\t\t<span>\n\t\t\t\n\t\t\tDisponibilit\u00e9 et R\u00e9servation\t\t<\/span>\n\t\t\t<\/a>\n\t<\/div>\n<\/div><\/div><div id=\"panel-465-1-1-2\" class=\"so-panel widget widget_sow-button panel-last-child\" data-index=\"3\" ><div\n\t\t\t\n\t\t\tclass=\"so-widget-sow-button so-widget-sow-button-flat-349bdc371456-465\"\n\t\t\t\n\t\t><div class=\"ow-button-base ow-button-align-center\"\n>\n\t\t\t<a\n\t\t\t\t\thref=\"https:\/\/gites-jardins-ilona.com\/index.php\/contactez-nous\/\"\n\t\t\t\t\tclass=\"sowb-button ow-icon-placement-bottom ow-button-hover\" \t>\n\t\t<span>\n\t\t\t\n\t\t\tContatez-nous\t\t<\/span>\n\t\t\t<\/a>\n\t<\/div>\n<\/div><\/div><\/div><div id=\"pgc-465-1-2\"  class=\"panel-grid-cell panel-grid-cell-empty\" ><\/div><\/div><\/div><div id=\"pg-465-2\"  class=\"panel-grid panel-no-style\" ><div id=\"pgc-465-2-0\"  class=\"panel-grid-cell panel-grid-cell-empty\" ><\/div><\/div><div id=\"pg-465-3\"  class=\"panel-grid panel-has-style\" ><div class=\"siteorigin-panels-stretch panel-row-style panel-row-style-for-465-3\" data-stretch-type=\"full\" ><div id=\"pgc-465-3-0\"  class=\"panel-grid-cell\" ><div id=\"panel-465-3-0-0\" class=\"so-panel widget widget_sow-image panel-first-child\" data-index=\"4\" ><div\n\t\t\t\n\t\t\tclass=\"so-widget-sow-image so-widget-sow-image-default-8b5b6f678277-465\"\n\t\t\t\n\t\t><h3 class=\"widget-title\">Nos g\u00eetes<\/h3>\n<div class=\"sow-image-container\">\n\t\t<img \n\tsrc=\"https:\/\/gites-jardins-ilona.com\/wp-content\/uploads\/2021\/02\/panorama-vers-foret--scaled.jpg\" width=\"1536\" height=\"1024\" srcset=\"https:\/\/gites-jardins-ilona.com\/wp-content\/uploads\/2021\/02\/panorama-vers-foret--scaled.jpg 1536w, https:\/\/gites-jardins-ilona.com\/wp-content\/uploads\/2021\/02\/panorama-vers-foret--300x200.jpg 300w, https:\/\/gites-jardins-ilona.com\/wp-content\/uploads\/2021\/02\/panorama-vers-foret--1024x683.jpg 1024w, https:\/\/gites-jardins-ilona.com\/wp-content\/uploads\/2021\/02\/panorama-vers-foret--768x512.jpg 768w, https:\/\/gites-jardins-ilona.com\/wp-content\/uploads\/2021\/02\/panorama-vers-foret--2048x1365.jpg 2048w, https:\/\/gites-jardins-ilona.com\/wp-content\/uploads\/2021\/02\/panorama-vers-foret--830x553.jpg 830w, https:\/\/gites-jardins-ilona.com\/wp-content\/uploads\/2021\/02\/panorama-vers-foret--230x153.jpg 230w, https:\/\/gites-jardins-ilona.com\/wp-content\/uploads\/2021\/02\/panorama-vers-foret--350x233.jpg 350w, https:\/\/gites-jardins-ilona.com\/wp-content\/uploads\/2021\/02\/panorama-vers-foret--480x320.jpg 480w, https:\/\/gites-jardins-ilona.com\/wp-content\/uploads\/2021\/02\/panorama-vers-foret--272x182.jpg 272w\" sizes=\"(max-width: 1536px) 100vw, 1536px\" title=\"Nos g\u00eetes\" alt=\"les jardins d ilona\" \t\tclass=\"so-widget-image\"\/>\n\t<\/div>\n\n<\/div><\/div><div id=\"panel-465-3-0-1\" class=\"so-panel widget widget_text\" data-index=\"5\" ><div class=\"panel-widget-style panel-widget-style-for-465-3-0-1\" >\t\t\t<div class=\"textwidget\"><p>6 g\u00eetes de charme au c\u0153ur d\u2019un domaine de 2 hectares !<\/p>\n<\/div>\n\t\t<\/div><\/div><div id=\"panel-465-3-0-2\" class=\"so-panel widget widget_sow-button panel-last-child\" data-index=\"6\" ><div class=\"so-rounded panel-widget-style panel-widget-style-for-465-3-0-2\" ><div\n\t\t\t\n\t\t\tclass=\"so-widget-sow-button so-widget-sow-button-wire-0a8aab36e8d4-465\"\n\t\t\t\n\t\t><div class=\"ow-button-base ow-button-align-center\"\n>\n\t\t\t<a\n\t\t\t\t\thref=\"index.php\/gites\/\"\n\t\t\t\t\tclass=\"sowb-button ow-icon-placement-left\" \t>\n\t\t<span>\n\t\t\t\n\t\t\tD\u00e9couvrir\t\t<\/span>\n\t\t\t<\/a>\n\t<\/div>\n<\/div><\/div><\/div><\/div><div id=\"pgc-465-3-1\"  class=\"panel-grid-cell\" ><div id=\"panel-465-3-1-0\" class=\"so-panel widget widget_sow-image panel-first-child\" data-index=\"7\" ><div\n\t\t\t\n\t\t\tclass=\"so-widget-sow-image so-widget-sow-image-default-8b5b6f678277-465\"\n\t\t\t\n\t\t><h3 class=\"widget-title\">S\u00e9minaires <\/h3>\n<div class=\"sow-image-container\">\n\t\t<img \n\tsrc=\"https:\/\/gites-jardins-ilona.com\/wp-content\/uploads\/2024\/10\/IMG_7805-scaled-e1771966209864.jpg\" width=\"1303\" height=\"869\" sizes=\"(max-width: 1303px) 100vw, 1303px\" title=\"S\u00e9minaires \" alt=\"\" \t\tclass=\"so-widget-image\"\/>\n\t<\/div>\n\n<\/div><\/div><div id=\"panel-465-3-1-1\" class=\"so-panel widget widget_text\" data-index=\"8\" ><div class=\"panel-widget-style panel-widget-style-for-465-3-1-1\" >\t\t\t<div class=\"textwidget\"><p>Un cadre d\u2019exception pour un team building d\u2019entreprise !<\/p>\n<\/div>\n\t\t<\/div><\/div><div id=\"panel-465-3-1-2\" class=\"so-panel widget widget_sow-button panel-last-child\" data-index=\"9\" ><div class=\"so-rounded panel-widget-style panel-widget-style-for-465-3-1-2\" ><div\n\t\t\t\n\t\t\tclass=\"so-widget-sow-button so-widget-sow-button-wire-1877d531d5fb-465\"\n\t\t\t\n\t\t><div class=\"ow-button-base ow-button-align-center\"\n>\n\t\t\t<a\n\t\t\t\t\thref=\"index.php\/seminaire\/\"\n\t\t\t\t\tclass=\"sowb-button ow-icon-placement-left\" \t>\n\t\t<span>\n\t\t\t\n\t\t\tD\u00e9couvrir\t\t<\/span>\n\t\t\t<\/a>\n\t<\/div>\n<\/div><\/div><\/div><\/div><\/div><\/div><div id=\"pg-465-4\"  class=\"panel-grid panel-has-style\" ><div class=\"siteorigin-panels-stretch panel-row-style panel-row-style-for-465-4\" data-stretch-type=\"full\" ><div id=\"pgc-465-4-0\"  class=\"panel-grid-cell\" ><div id=\"panel-465-4-0-0\" class=\"so-panel widget widget_sow-image panel-first-child\" data-index=\"10\" ><div\n\t\t\t\n\t\t\tclass=\"so-widget-sow-image so-widget-sow-image-default-8b5b6f678277-465\"\n\t\t\t\n\t\t><h3 class=\"widget-title\">Profitez des activit\u00e9s dans notre domaine<\/h3>\n<div class=\"sow-image-container\">\n\t\t<img \n\tsrc=\"https:\/\/gites-jardins-ilona.com\/wp-content\/uploads\/2016\/12\/fnp003_pool_01.jpg\" width=\"1024\" height=\"652\" srcset=\"https:\/\/gites-jardins-ilona.com\/wp-content\/uploads\/2016\/12\/fnp003_pool_01.jpg 1024w, https:\/\/gites-jardins-ilona.com\/wp-content\/uploads\/2016\/12\/fnp003_pool_01-300x191.jpg 300w, https:\/\/gites-jardins-ilona.com\/wp-content\/uploads\/2016\/12\/fnp003_pool_01-768x489.jpg 768w, https:\/\/gites-jardins-ilona.com\/wp-content\/uploads\/2016\/12\/fnp003_pool_01-830x528.jpg 830w, https:\/\/gites-jardins-ilona.com\/wp-content\/uploads\/2016\/12\/fnp003_pool_01-230x146.jpg 230w, https:\/\/gites-jardins-ilona.com\/wp-content\/uploads\/2016\/12\/fnp003_pool_01-350x223.jpg 350w, https:\/\/gites-jardins-ilona.com\/wp-content\/uploads\/2016\/12\/fnp003_pool_01-480x306.jpg 480w\" sizes=\"(max-width: 1024px) 100vw, 1024px\" title=\"Profitez des activit\u00e9s dans notre domaine\" alt=\"\" \t\tclass=\"so-widget-image\"\/>\n\t<\/div>\n\n<\/div><\/div><div id=\"panel-465-4-0-1\" class=\"so-panel widget widget_text panel-last-child\" data-index=\"11\" ><div class=\"panel-widget-style panel-widget-style-for-465-4-0-1\" >\t\t\t<div class=\"textwidget\"><\/div>\n\t\t<\/div><\/div><\/div><div id=\"pgc-465-4-1\"  class=\"panel-grid-cell\" ><div id=\"panel-465-4-1-0\" class=\"so-panel widget widget_text panel-first-child\" data-index=\"12\" ><div class=\"panel-widget-style panel-widget-style-for-465-4-1-0\" >\t\t\t<div class=\"textwidget\"><p>Dans notre domaine, profitez d\u2019un large choix d\u2019activit\u00e9s pour divertir petits et grands : d\u00e9tendez-vous au bord de la <strong>piscine<\/strong>, laissez les enfants s\u2019amuser sur le <strong>trampoline<\/strong>, partez en balade \u00e0 <strong>VTT<\/strong> ou d\u00e9fiez-vous autour d\u2019une partie de <strong>tennis de table<\/strong>.<\/p>\n<p>Ici, chaque journ\u00e9e se vit \u00e0 votre rythme.<\/p>\n<\/div>\n\t\t<\/div><\/div><div id=\"panel-465-4-1-1\" class=\"so-panel widget widget_sow-button panel-last-child\" data-index=\"13\" ><div\n\t\t\t\n\t\t\tclass=\"so-widget-sow-button so-widget-sow-button-flat-1b98932a8225-465\"\n\t\t\t\n\t\t><div class=\"ow-button-base ow-button-align-center\"\n>\n\t\t\t<a\n\t\t\t\t\thref=\"index.php\/piscine-et-activites-sur-place\/\"\n\t\t\t\t\tclass=\"sowb-button ow-icon-placement-left ow-button-hover\" \t>\n\t\t<span>\n\t\t\t\n\t\t\tD\u00e9couvrir\t\t<\/span>\n\t\t\t<\/a>\n\t<\/div>\n<\/div><\/div><\/div><\/div><\/div><div id=\"pg-465-5\"  class=\"panel-grid panel-has-style\" ><div class=\"siteorigin-panels-stretch panel-row-style panel-row-style-for-465-5\" data-stretch-type=\"full\" ><div id=\"pgc-465-5-0\"  class=\"panel-grid-cell\" ><div id=\"panel-465-5-0-0\" class=\"so-panel widget widget_sow-image panel-first-child panel-last-child\" data-index=\"14\" ><div\n\t\t\t\n\t\t\tclass=\"so-widget-sow-image so-widget-sow-image-default-8b5b6f678277-465\"\n\t\t\t\n\t\t><h3 class=\"widget-title\">Partez \u00e0 la d\u00e9couverte de notre r\u00e9gion<\/h3>\n<div class=\"sow-image-container\">\n\t\t<img \n\tsrc=\"https:\/\/gites-jardins-ilona.com\/wp-content\/uploads\/2017\/03\/mairie-St-Omer-grde-roue-e1724789643872.jpg\" width=\"1349\" height=\"900\" srcset=\"https:\/\/gites-jardins-ilona.com\/wp-content\/uploads\/2017\/03\/mairie-St-Omer-grde-roue-e1724789643872.jpg 1349w, https:\/\/gites-jardins-ilona.com\/wp-content\/uploads\/2017\/03\/mairie-St-Omer-grde-roue-e1724789643872-300x200.jpg 300w, https:\/\/gites-jardins-ilona.com\/wp-content\/uploads\/2017\/03\/mairie-St-Omer-grde-roue-e1724789643872-768x512.jpg 768w, https:\/\/gites-jardins-ilona.com\/wp-content\/uploads\/2017\/03\/mairie-St-Omer-grde-roue-e1724789643872-1024x683.jpg 1024w, https:\/\/gites-jardins-ilona.com\/wp-content\/uploads\/2017\/03\/mairie-St-Omer-grde-roue-e1724789643872-272x182.jpg 272w\" sizes=\"(max-width: 1349px) 100vw, 1349px\" title=\"Partez \u00e0 la d\u00e9couverte de notre r\u00e9gion\" alt=\"Theatre Saint Omer grande roue jour\" \t\tclass=\"so-widget-image\"\/>\n\t<\/div>\n\n<\/div><\/div><\/div><div id=\"pgc-465-5-1\"  class=\"panel-grid-cell\" ><div id=\"panel-465-5-1-0\" class=\"so-panel widget widget_text panel-first-child\" data-index=\"15\" ><div class=\"panel-widget-style panel-widget-style-for-465-5-1-0\" >\t\t\t<div class=\"textwidget\"><p>D\u00e9couvrez une r\u00e9gion riche en nature et en culture.<br data-start=\"97\" data-end=\"100\" \/><strong>Activit\u00e9s vari\u00e9es<\/strong>, <strong>visites incontournables<\/strong> et <strong>villes de charme<\/strong> vous attendent autour du domaine.<\/p>\n<\/div>\n\t\t<\/div><\/div><div id=\"panel-465-5-1-1\" class=\"so-panel widget widget_sow-button\" data-index=\"16\" ><div\n\t\t\t\n\t\t\tclass=\"so-widget-sow-button so-widget-sow-button-flat-1b98932a8225-465\"\n\t\t\t\n\t\t><div class=\"ow-button-base ow-button-align-center\"\n>\n\t\t\t<a\n\t\t\t\t\thref=\"index.php\/Visites-culturelles\/\"\n\t\t\t\t\tclass=\"sowb-button ow-icon-placement-left ow-button-hover\" \t>\n\t\t<span>\n\t\t\t\n\t\t\tVisites culturelles\t\t<\/span>\n\t\t\t<\/a>\n\t<\/div>\n<\/div><\/div><div id=\"panel-465-5-1-2\" class=\"so-panel widget widget_sow-button\" data-index=\"17\" ><div\n\t\t\t\n\t\t\tclass=\"so-widget-sow-button so-widget-sow-button-flat-1b98932a8225-465\"\n\t\t\t\n\t\t><div class=\"ow-button-base ow-button-align-center\"\n>\n\t\t\t<a\n\t\t\t\t\thref=\"index.php\/piscine-et-activites-sur-place\/\"\n\t\t\t\t\tclass=\"sowb-button ow-icon-placement-left ow-button-hover\" \t>\n\t\t<span>\n\t\t\t\n\t\t\tActivit\u00e9s aux alentours\t\t<\/span>\n\t\t\t<\/a>\n\t<\/div>\n<\/div><\/div><div id=\"panel-465-5-1-3\" class=\"so-panel widget widget_sow-button panel-last-child\" data-index=\"18\" ><div\n\t\t\t\n\t\t\tclass=\"so-widget-sow-button so-widget-sow-button-flat-1b98932a8225-465\"\n\t\t\t\n\t\t><div class=\"ow-button-base ow-button-align-center\"\n>\n\t\t\t<a\n\t\t\t\t\thref=\"index.php\/Villes-a-decouvrir\/\"\n\t\t\t\t\tclass=\"sowb-button ow-icon-placement-left ow-button-hover\" \t>\n\t\t<span>\n\t\t\t\n\t\t\tVilles \u00e0 d\u00e9couvrir\t\t<\/span>\n\t\t\t<\/a>\n\t<\/div>\n<\/div><\/div><\/div><\/div><\/div><div id=\"pg-465-6\"  class=\"panel-grid panel-no-style\" ><div id=\"pgc-465-6-0\"  class=\"panel-grid-cell panel-grid-cell-empty\" ><\/div><\/div><div id=\"pg-465-7\"  class=\"panel-grid panel-has-style\" ><div class=\"panel-row-style panel-row-style-for-465-7\" ><div id=\"pgc-465-7-0\"  class=\"panel-grid-cell\" ><div id=\"panel-465-7-0-0\" class=\"so-panel widget widget_text panel-first-child\" data-index=\"19\" ><h3 class=\"widget-title\">Acc\u00e8s<\/h3>\t\t\t<div class=\"textwidget\"><\/div>\n\t\t<\/div><div id=\"panel-465-7-0-1\" class=\"so-panel widget widget_sow-google-map panel-last-child\" data-index=\"20\" ><div\n\t\t\t\n\t\t\tclass=\"so-widget-sow-google-map so-widget-sow-google-map-default-6b23895f316e-465\"\n\t\t\t\n\t\t>\n<div class=\"sow-google-map-canvas\"\n\tstyle=\"\"\n\tid=\"map-canvas-e9500dee6100933ee97f9829962ffe32\"\n\tdata-options=\"{&quot;address&quot;:&quot;50.7429307, 2.3117516&quot;,&quot;zoom&quot;:13,&quot;mobileZoom&quot;:13,&quot;gestureHandling&quot;:&quot;auto&quot;,&quot;disableUi&quot;:&quot;&quot;,&quot;markerIcon&quot;:false,&quot;markersDraggable&quot;:false,&quot;markerAtCenter&quot;:true,&quot;markerInfoDisplay&quot;:&quot;click&quot;,&quot;markerInfoMultiple&quot;:true,&quot;markerPositions&quot;:false,&quot;mapName&quot;:false,&quot;mapStyles&quot;:false,&quot;directions&quot;:&quot;&quot;,&quot;apiKey&quot;:&quot;AIzaSyAhStPoxNF74SsOI6VZCF-q8H2wA8q8dig&quot;,&quot;breakpoint&quot;:780,&quot;id&quot;:&quot;69e887&quot;}\"\n\tdata-fallback-image=\"{&quot;img&quot;:&quot;&quot;}\"><\/div>\n<\/div><\/div><\/div><\/div><\/div><div id=\"pg-465-8\"  class=\"panel-grid panel-has-style\" ><div class=\"panel-row-style panel-row-style-for-465-8\" ><div id=\"pgc-465-8-0\"  class=\"panel-grid-cell\" ><div id=\"panel-465-8-0-0\" class=\"so-panel widget widget_text panel-first-child panel-last-child\" data-index=\"21\" ><h3 class=\"widget-title\">Depuis Calais et Paris<\/h3>\t\t\t<div class=\"textwidget\"><ul>\n<li>Prendre la sortie 26 \u2013 Th\u00e9rouanne sur l\u2019A26.<\/li>\n<li>Suivre la direction <b>Saint-Omer<\/b><\/li>\n<li>Au rond-point, emprunter la rocade en direction de <b>Saint-Omer<\/b><\/li>\n<li>Prendre la sortie Arques<\/li>\n<li>Au rond-point <b>Intermarch\u00e9<\/b>, tourner \u00e0 gauche<\/li>\n<li>Au rond-point de la <b>pharmacie du C\u00e8dre<\/b>, tourner \u00e0 droite<\/li>\n<li>En haut de la c\u00f4te, tourner \u00e0 gauche <b>rue Jean Jaur\u00e8s<\/b><\/li>\n<li>Puis prendre la 2\u1d49 rue \u00e0 gauche : rue Jules Ferry<\/li>\n<\/ul>\n<\/div>\n\t\t<\/div><\/div><div id=\"pgc-465-8-1\"  class=\"panel-grid-cell\" ><div id=\"panel-465-8-1-0\" class=\"so-panel widget widget_text panel-first-child panel-last-child\" data-index=\"22\" ><h3 class=\"widget-title\">Depuis Lille<\/h3>\t\t\t<div class=\"textwidget\"><ul>\n<li>Prendre l\u2019A25, sortie n\u00b011 \u2013 Hazebrouck \/ Saint-Omer<\/li>\n<li>Traverser <b>Renescure<\/b> en direction d\u2019<b>Arques Centre<\/b><\/li>\n<li>Apr\u00e8s le panneau d\u2019entr\u00e9e dans Arques, prendre la 1\u02b3\u1d49 rue \u00e0 droite : rue Jean Jaur\u00e8s<\/li>\n<li>Puis prendre la 2\u1d49 rue \u00e0 gauche : rue Jules Ferry<\/li>\n<\/ul>\n<\/div>\n\t\t<\/div><\/div><\/div><\/div><\/div>","protected":false},"excerpt":{"rendered":"<p>Une escapade en famille ? Un week-end entre amis ?Un s\u00e9minaire au vert ? Un team-building inoubliable ? Les Jardins d\u2019Ilona vous ouvrent les portes d\u2019un lieu d\u2019exception : 6 g\u00eetes de charme, \u00e9l\u00e9gants et chaleureux, pouvant accueillir de 4 \u00e0 15 personnes. Offrez-vous une parenth\u00e8se hors du temps au c\u0153ur de la campagne, o\u00f9 &hellip; <\/p>\n<p class=\"link-more\"><a href=\"https:\/\/gites-jardins-ilona.com\/\" class=\"more-link\">Lire la suite de<span class=\"screen-reader-text\">\u00ab\u00a0Accueil\u00a0\u00bb<\/span><\/a><\/p>\n","protected":false},"author":1,"featured_media":0,"parent":0,"menu_order":0,"comment_status":"closed","ping_status":"closed","template":"","meta":{"footnotes":""},"class_list":["post-465","page","type-page","status-publish","hentry"],"yoast_head":"<!-- This site is optimized with the Yoast SEO plugin v24.9 - https:\/\/yoast.com\/wordpress\/plugins\/seo\/ -->\n<title>Gites Jardins ilona - Piscine interieure- S\u00e9minaire Entreprise<\/title>\n<meta name=\"description\" content=\"Gites Jardins Ilona -Piscine interieure- S\u00e9minaire entreprise g\u00eetes de 4 \u00e0 15 personnes;calme et tranquillit\u00e9 assur\u00e9s. Gite Nord-Pas de Calais\" \/>\n<meta name=\"robots\" content=\"index, follow, max-snippet:-1, max-image-preview:large, max-video-preview:-1\" \/>\n<link rel=\"canonical\" href=\"https:\/\/gites-jardins-ilona.com\/\" \/>\n<meta property=\"og:locale\" content=\"fr_FR\" \/>\n<meta property=\"og:type\" content=\"article\" \/>\n<meta property=\"og:title\" content=\"Gites Jardins ilona - Piscine interieure- S\u00e9minaire Entreprise\" \/>\n<meta property=\"og:description\" content=\"Gites Jardins Ilona -Piscine interieure- S\u00e9minaire entreprise g\u00eetes de 4 \u00e0 15 personnes;calme et tranquillit\u00e9 assur\u00e9s. Gite Nord-Pas de Calais\" \/>\n<meta property=\"og:url\" content=\"https:\/\/gites-jardins-ilona.com\/\" \/>\n<meta property=\"og:site_name\" content=\"Les Jardins d&#039;Ilona\" \/>\n<meta property=\"article:modified_time\" content=\"2026-03-04T21:38:55+00:00\" \/>\n<meta name=\"twitter:card\" content=\"summary_large_image\" \/>\n<meta name=\"twitter:label1\" content=\"Dur\u00e9e de lecture estim\u00e9e\" \/>\n\t<meta name=\"twitter:data1\" content=\"3 minutes\" \/>\n<script type=\"application\/ld+json\" class=\"yoast-schema-graph\">{\"@context\":\"https:\/\/schema.org\",\"@graph\":[{\"@type\":\"WebPage\",\"@id\":\"https:\/\/gites-jardins-ilona.com\/\",\"url\":\"https:\/\/gites-jardins-ilona.com\/\",\"name\":\"Gites Jardins ilona - Piscine interieure- S\u00e9minaire Entreprise\",\"isPartOf\":{\"@id\":\"https:\/\/gites-jardins-ilona.com\/#website\"},\"datePublished\":\"2016-12-07T12:13:32+00:00\",\"dateModified\":\"2026-03-04T21:38:55+00:00\",\"description\":\"Gites Jardins Ilona -Piscine interieure- S\u00e9minaire entreprise g\u00eetes de 4 \u00e0 15 personnes;calme et tranquillit\u00e9 assur\u00e9s. Gite Nord-Pas de Calais\",\"breadcrumb\":{\"@id\":\"https:\/\/gites-jardins-ilona.com\/#breadcrumb\"},\"inLanguage\":\"fr-FR\",\"potentialAction\":[{\"@type\":\"ReadAction\",\"target\":[\"https:\/\/gites-jardins-ilona.com\/\"]}]},{\"@type\":\"BreadcrumbList\",\"@id\":\"https:\/\/gites-jardins-ilona.com\/#breadcrumb\",\"itemListElement\":[{\"@type\":\"ListItem\",\"position\":1,\"name\":\"Accueil\",\"item\":\"https:\/\/gites-jardins-ilona.com\/\"},{\"@type\":\"ListItem\",\"position\":2,\"name\":\"Accueil\"}]},{\"@type\":\"WebSite\",\"@id\":\"https:\/\/gites-jardins-ilona.com\/#website\",\"url\":\"https:\/\/gites-jardins-ilona.com\/\",\"name\":\"Les Jardins d&#039;Ilona\",\"description\":\"Gites et s\u00e9minaires \u00e0 Arques \",\"publisher\":{\"@id\":\"https:\/\/gites-jardins-ilona.com\/#organization\"},\"potentialAction\":[{\"@type\":\"SearchAction\",\"target\":{\"@type\":\"EntryPoint\",\"urlTemplate\":\"https:\/\/gites-jardins-ilona.com\/?s={search_term_string}\"},\"query-input\":{\"@type\":\"PropertyValueSpecification\",\"valueRequired\":true,\"valueName\":\"search_term_string\"}}],\"inLanguage\":\"fr-FR\"},{\"@type\":\"Organization\",\"@id\":\"https:\/\/gites-jardins-ilona.com\/#organization\",\"name\":\"SARL Ilona\",\"url\":\"https:\/\/gites-jardins-ilona.com\/\",\"logo\":{\"@type\":\"ImageObject\",\"inLanguage\":\"fr-FR\",\"@id\":\"https:\/\/gites-jardins-ilona.com\/#\/schema\/logo\/image\/\",\"url\":\"https:\/\/gites-jardins-ilona.com\/wp-content\/uploads\/2024\/10\/cropped-Logo-site-internet-e1729692351709.png\",\"contentUrl\":\"https:\/\/gites-jardins-ilona.com\/wp-content\/uploads\/2024\/10\/cropped-Logo-site-internet-e1729692351709.png\",\"width\":216,\"height\":100,\"caption\":\"SARL Ilona\"},\"image\":{\"@id\":\"https:\/\/gites-jardins-ilona.com\/#\/schema\/logo\/image\/\"}}]}<\/script>\n<!-- \/ Yoast SEO plugin. -->","yoast_head_json":{"title":"Gites Jardins ilona - Piscine interieure- S\u00e9minaire Entreprise","description":"Gites Jardins Ilona -Piscine interieure- S\u00e9minaire entreprise g\u00eetes de 4 \u00e0 15 personnes;calme et tranquillit\u00e9 assur\u00e9s. Gite Nord-Pas de Calais","robots":{"index":"index","follow":"follow","max-snippet":"max-snippet:-1","max-image-preview":"max-image-preview:large","max-video-preview":"max-video-preview:-1"},"canonical":"https:\/\/gites-jardins-ilona.com\/","og_locale":"fr_FR","og_type":"article","og_title":"Gites Jardins ilona - Piscine interieure- S\u00e9minaire Entreprise","og_description":"Gites Jardins Ilona -Piscine interieure- S\u00e9minaire entreprise g\u00eetes de 4 \u00e0 15 personnes;calme et tranquillit\u00e9 assur\u00e9s. Gite Nord-Pas de Calais","og_url":"https:\/\/gites-jardins-ilona.com\/","og_site_name":"Les Jardins d&#039;Ilona","article_modified_time":"2026-03-04T21:38:55+00:00","twitter_card":"summary_large_image","twitter_misc":{"Dur\u00e9e de lecture estim\u00e9e":"3 minutes"},"schema":{"@context":"https:\/\/schema.org","@graph":[{"@type":"WebPage","@id":"https:\/\/gites-jardins-ilona.com\/","url":"https:\/\/gites-jardins-ilona.com\/","name":"Gites Jardins ilona - Piscine interieure- S\u00e9minaire Entreprise","isPartOf":{"@id":"https:\/\/gites-jardins-ilona.com\/#website"},"datePublished":"2016-12-07T12:13:32+00:00","dateModified":"2026-03-04T21:38:55+00:00","description":"Gites Jardins Ilona -Piscine interieure- S\u00e9minaire entreprise g\u00eetes de 4 \u00e0 15 personnes;calme et tranquillit\u00e9 assur\u00e9s. Gite Nord-Pas de Calais","breadcrumb":{"@id":"https:\/\/gites-jardins-ilona.com\/#breadcrumb"},"inLanguage":"fr-FR","potentialAction":[{"@type":"ReadAction","target":["https:\/\/gites-jardins-ilona.com\/"]}]},{"@type":"BreadcrumbList","@id":"https:\/\/gites-jardins-ilona.com\/#breadcrumb","itemListElement":[{"@type":"ListItem","position":1,"name":"Accueil","item":"https:\/\/gites-jardins-ilona.com\/"},{"@type":"ListItem","position":2,"name":"Accueil"}]},{"@type":"WebSite","@id":"https:\/\/gites-jardins-ilona.com\/#website","url":"https:\/\/gites-jardins-ilona.com\/","name":"Les Jardins d&#039;Ilona","description":"Gites et s\u00e9minaires \u00e0 Arques ","publisher":{"@id":"https:\/\/gites-jardins-ilona.com\/#organization"},"potentialAction":[{"@type":"SearchAction","target":{"@type":"EntryPoint","urlTemplate":"https:\/\/gites-jardins-ilona.com\/?s={search_term_string}"},"query-input":{"@type":"PropertyValueSpecification","valueRequired":true,"valueName":"search_term_string"}}],"inLanguage":"fr-FR"},{"@type":"Organization","@id":"https:\/\/gites-jardins-ilona.com\/#organization","name":"SARL Ilona","url":"https:\/\/gites-jardins-ilona.com\/","logo":{"@type":"ImageObject","inLanguage":"fr-FR","@id":"https:\/\/gites-jardins-ilona.com\/#\/schema\/logo\/image\/","url":"https:\/\/gites-jardins-ilona.com\/wp-content\/uploads\/2024\/10\/cropped-Logo-site-internet-e1729692351709.png","contentUrl":"https:\/\/gites-jardins-ilona.com\/wp-content\/uploads\/2024\/10\/cropped-Logo-site-internet-e1729692351709.png","width":216,"height":100,"caption":"SARL Ilona"},"image":{"@id":"https:\/\/gites-jardins-ilona.com\/#\/schema\/logo\/image\/"}}]}},"_links":{"self":[{"href":"https:\/\/gites-jardins-ilona.com\/index.php\/wp-json\/wp\/v2\/pages\/465","targetHints":{"allow":["GET"]}}],"collection":[{"href":"https:\/\/gites-jardins-ilona.com\/index.php\/wp-json\/wp\/v2\/pages"}],"about":[{"href":"https:\/\/gites-jardins-ilona.com\/index.php\/wp-json\/wp\/v2\/types\/page"}],"author":[{"embeddable":true,"href":"https:\/\/gites-jardins-ilona.com\/index.php\/wp-json\/wp\/v2\/users\/1"}],"replies":[{"embeddable":true,"href":"https:\/\/gites-jardins-ilona.com\/index.php\/wp-json\/wp\/v2\/comments?post=465"}],"version-history":[{"count":319,"href":"https:\/\/gites-jardins-ilona.com\/index.php\/wp-json\/wp\/v2\/pages\/465\/revisions"}],"predecessor-version":[{"id":3295,"href":"https:\/\/gites-jardins-ilona.com\/index.php\/wp-json\/wp\/v2\/pages\/465\/revisions\/3295"}],"wp:attachment":[{"href":"https:\/\/gites-jardins-ilona.com\/index.php\/wp-json\/wp\/v2\/media?parent=465"}],"curies":[{"name":"wp","href":"https:\/\/api.w.org\/{rel}","templated":true}]}}